{"id":6487,"date":"2021-03-22T15:51:52","date_gmt":"2021-03-22T15:51:52","guid":{"rendered":"https:\/\/charnelle.kodlogy.at\/?page_id=6487"},"modified":"2024-02-05T17:39:17","modified_gmt":"2024-02-05T17:39:17","slug":"datenschutzerklaerung","status":"publish","type":"page","link":"https:\/\/www.charnelle-dessous.at\/index.php\/datenschutzerklaerung\/","title":{"rendered":"Datenschutzerkl\u00e4rung"},"content":{"rendered":"\t\t<div data-elementor-type=\"wp-post\" data-elementor-id=\"6487\" class=\"elementor elementor-6487\">\n\t\t\t\t\t\t<section class=\"elementor-section elementor-top-section elementor-element elementor-element-49b9eef elementor-section-stretched elementor-section-boxed elementor-section-height-default elementor-section-height-default\" data-id=\"49b9eef\" data-element_type=\"section\" data-settings=\"{&quot;stretch_section&quot;:&quot;section-stretched&quot;,&quot;background_background&quot;:&quot;classic&quot;,&quot;ekit_has_onepagescroll_dot&quot;:&quot;yes&quot;}\">\n\t\t\t\t\t\t<div class=\"elementor-container elementor-column-gap-default\">\n\t\t\t\t\t<div class=\"elementor-column elementor-col-100 elementor-top-column elementor-element elementor-element-7e432f1\" data-id=\"7e432f1\" data-element_type=\"column\">\n\t\t\t<div class=\"elementor-widget-wrap elementor-element-populated\">\n\t\t\t\t\t\t<div class=\"elementor-element elementor-element-9dd7a45 elementor-widget elementor-widget-heading\" data-id=\"9dd7a45\" data-element_type=\"widget\" data-settings=\"{&quot;ekit_we_effect_on&quot;:&quot;none&quot;}\" data-widget_type=\"heading.default\">\n\t\t\t\t<div class=\"elementor-widget-container\">\n\t\t\t<h1 class=\"elementor-heading-title elementor-size-default\">Datenschutzerkl\u00e4rung<\/h1>\t\t<\/div>\n\t\t\t\t<\/div>\n\t\t\t\t\t<\/div>\n\t\t<\/div>\n\t\t\t\t\t<\/div>\n\t\t<\/section>\n\t\t\t\t<section class=\"elementor-section elementor-top-section elementor-element elementor-element-2f4f40be elementor-section-boxed elementor-section-height-default elementor-section-height-default\" data-id=\"2f4f40be\" data-element_type=\"section\" data-settings=\"{&quot;ekit_has_onepagescroll_dot&quot;:&quot;yes&quot;}\">\n\t\t\t\t\t\t<div class=\"elementor-container elementor-column-gap-default\">\n\t\t\t\t\t<div class=\"elementor-column elementor-col-100 elementor-top-column elementor-element elementor-element-7346e7ae\" data-id=\"7346e7ae\" data-element_type=\"column\">\n\t\t\t<div class=\"elementor-widget-wrap elementor-element-populated\">\n\t\t\t\t\t\t<div class=\"elementor-element elementor-element-7fbc0c2c elementor-widget elementor-widget-heading\" data-id=\"7fbc0c2c\" data-element_type=\"widget\" data-settings=\"{&quot;ekit_we_effect_on&quot;:&quot;none&quot;}\" data-widget_type=\"heading.default\">\n\t\t\t\t<div class=\"elementor-widget-container\">\n\t\t\t<h1 class=\"elementor-heading-title elementor-size-default\">Datenschutzerkl\u00e4rung<\/h1>\t\t<\/div>\n\t\t\t\t<\/div>\n\t\t\t\t<div class=\"elementor-element elementor-element-a244cf8 elementor-widget elementor-widget-text-editor\" data-id=\"a244cf8\" data-element_type=\"widget\" data-settings=\"{&quot;ekit_we_effect_on&quot;:&quot;none&quot;}\" data-widget_type=\"text-editor.default\">\n\t\t\t\t<div class=\"elementor-widget-container\">\n\t\t\t\t\t\t\t<h1><span style=\"font-size: 20pt;\">Datenschutzerkl\u00e4rung bzw. Informationen gem\u00e4\u00df Art 13 und 14 DSGVO<\/span><\/h1><h3><span style=\"font-size: 18pt;\">Datenschutzrechtlich verantwortlich<\/span><\/h3><p>Nikolic Vladan, akademischer Handelsmanager (FH)<\/p><h3>Kontaktdaten<\/h3><div class=\"vcard\"><p><span class=\"fn org\">Charnelle Dessous &amp; Bademode<\/span><br \/><span class=\"adr\"> <span class=\"street-address\">W\u00e4hringer Str. 71<\/span><br \/><span class=\"postal-code\">1180<\/span> <span class=\"locality\">Wien<\/span> <\/span><br \/><span class=\"tel\"><span class=\"type\">Telefon<\/span> +43 1 407 81 72<\/span><\/p><p><a class=\"mod_mail contact_email\" href=\"mailto:office@charnelle-dessous.at\">office@charnelle-dessous.at<\/a><\/p><\/div><h3>Datenverarbeitungszwecke<\/h3><p>Kontaktformular<\/p><p>Wenn Sie per Formular auf der Website oder per E-Mail Kontakt mit uns aufnehmen, werden Ihre angegebenen Daten zwecks Bearbeitung der Anfrage und f\u00fcr den Fall von Anschlussfragen sechs Monate bei uns gespeichert. Diese Daten geben wir nicht ohne Ihre Einwilligung weiter. Sofern Sie das Kontaktformular ausf\u00fcllen, verarbeitet HEROLD Business Data GmbH als Auftragsverarbeiter die Daten auf Grundlage der Allgemeinen Gesch\u00e4ftsbedingungen (insbesondere der darin enthaltenen Regelungen zur Auftragsdatenverarbeitung). HEROLD Business Data GmbH bedient sich hierbei eines Subauftragsverarbeiters (SurveyMonkey Europe UC, 2 Shelbourne Buildings, 2nd Floore, Shelbourne Road, Ballsbridge, Dublin 4, Ireland), der Zugriff auf die im Kontaktformular enthaltenen Daten erh\u00e4lt und der Daten in den USA speichert. Jede Bereitstellung von Daten an den Subauftragsverarbeiter basiert auf einem Angemessenheitsbeschluss der Europ\u00e4ischen Kommission (Selbstzertifizierung Privacy Shield).<\/p><p>Analysezwecke<\/p><p>Dar\u00fcber hinaus werden Daten zu Analysezwecken erhoben und verwendet. Diese Datenverarbeitung erfolgt nicht personenbezogen (siehe hierzu nachstehend Informationen zu Cookies).<\/p><p>Webshop<\/p><p>Zum Zweck des einfacheren Einkaufsvorganges und zur sp\u00e4teren Vertragsabwicklung werden \u2013 falls diese Website einen Webshop anbietet \u2013 folgende Daten erhoben: Titel, Name, Adresse, Telefonnummer, E-Mail-Adresse, Firmenname, UID-Nr., Bestelldatum, Bestellnummer, Bezahlart, Versandart, Produkt-Umfang, Kosten. Weiters k\u00f6nnen Session Cookies zum Einsatz kommen, die eine einfachere Abwicklung des Einkaufsvorganges bezwecken. Die im Session Cookie verarbeiteten Daten enthalten keinerlei Personenbezug.<\/p><p>Die von Ihnen bereit gestellten Daten sind zur Vertragserf\u00fcllung bzw. zur Durchf\u00fchrung vorvertraglicher Ma\u00dfnahmen erforderlich. Ohne diese Daten k\u00f6nnen wir den Vertrag mit Ihnen nicht abschlie\u00dfen. Eine Daten\u00fcbermittlung an Dritte erfolgt nicht, mit Ausnahme der \u00dcbermittlung der Kreditkartendaten an die abwickelnden Bankinstitute\/Zahlungsdienstleister zum Zwecke der Abbuchung des Einkaufspreises, an das von uns beauftragte Transportunternehmen\/Versandunternehmen zur Zustellung der Ware sowie an unseren Steuerberater zur Erf\u00fcllung unserer steuerrechtlichen Verpflichtungen.<\/p><p>Nach Abbruch des Einkaufsvorganges werden die vom Nutzer eingegebenen Daten noch zumindest vier Wochen gespeichert und dann gel\u00f6scht. Im Falle eines Vertragsabschlusses werden s\u00e4mtliche Daten aus dem Vertragsverh\u00e4ltnis f\u00fcr die Dauer des Vertragsverh\u00e4ltnisses sowie dar\u00fcber hinaus, solange Rechtsanspr\u00fcche hieraus ableitbar sind, gespeichert und sodann gel\u00f6scht, es sei denn es bestehen dar\u00fcberhinausgehende Aufbewahrungspflichten (z. B. steuerrechtliche).<\/p><p>Registrierung<\/p><p>Bei einer Registrierung wird die E-Mail-Adresse des Nutzers sowie ein Passwort gespeichert. Sofern in der Folge ein Kauf erfolgt, wird die E-Mail-Adresse mit den beim Kaufvorgang ermittelten Daten verkn\u00fcpft. Die von Ihnen bereit gestellten Daten sind zur Einrichtung des Nutzeraccounts erforderlich. Die Datenverarbeitung erfolgt f\u00fcr die Dauer des Bestehens des Nutzeraccounts. Bei L\u00f6schung des Nutzeraccounts erfolgt eine L\u00f6schung der E-Mail-Adresse und des Passworts sowie der Verkn\u00fcpfung zur Daten des Kaufvorganges.<\/p><p>IT-Sicherheit<\/p><p>Beim Besuch dieser Website werden dar\u00fcber hinaus Logfiles gespeichert, welche die IP-Adresse und sonstige Daten zum Zugriff auf die Website enthalten (z. B. Datum, Uhrzeit, UserAgent, Referer). Die Datenverarbeitung erfolgt zeitlich befristet (maximal sieben Tage) und nur zur Absicherung vor DDOS Attacken oder sonstigen Eingriffen in die Funktionalit\u00e4t der Website sowie der allenfalls dahinterliegenden Datenbanksysteme.<\/p><p>Produktbewertungen<\/p><p>Bei Abgabe einer Produktbewertung werden folgende Daten ermittelt und ver\u00f6ffentlicht: Nutzername, Kommentar, Anzahl von vergebenen Sternen. Die Ermittlung erfolgt zum Zweck der Ver\u00f6ffentlichung der Daten bei einem bestimmten Produkt. Die von Ihnen bereit gestellten Daten sind zur Ver\u00f6ffentlichung der Bewertung erforderlich. Die Datenverarbeitung erfolgt f\u00fcr die Dauer der Ver\u00f6ffentlichung. L\u00f6schungen sind m\u00f6glich durch \u00dcbermittlung eines E-Mails an <a href=\"mailto:datenschutz@herold.at\" target=\"_blank\" rel=\"noopener\">datenschutz@herold.at<\/a>.<\/p><p>Informationen zu Cookies<\/p><p>Diese Website verwendet so genannte Cookies. Dabei handelt es sich um kleine Textdateien, die mit Hilfe des Browsers auf Ihrem Endger\u00e4t abgelegt werden. Sie richten keinen Schaden an.<\/p><p>Auf dieser Seite werden sogenannte Session Cookies verwendet. Diese werden beim Aufruf der Website generiert und automatisch wieder gel\u00f6scht. Sie dienen der Wiedererkennung, wenn Sie innerhalb kurzer Zeit dieselbe Website erneut aufrufen, um bereits get\u00e4tigte Voreinstellungen erneut zu ber\u00fccksichtigen. Es werden dabei keinerlei personenbezogene Daten gespeichert oder verarbeitet.<\/p><p>Cookies haben den Zweck, das Website-Angebot nutzerfreundlich zu gestalten. Einige Cookies bleiben auf Ihrem Endger\u00e4t gespeichert, bis Sie diese l\u00f6schen. Sie erm\u00f6glichen es sohin dem Websitebetreiber, Ihren Browser beim n\u00e4chsten Besuch wiederzuerkennen. Wenn Sie dies nicht w\u00fcnschen, so k\u00f6nnen Sie Ihren Browser so einrichten, dass er Sie \u00fcber das Setzen von Cookies informiert und Sie dies nur im Einzelfall erlauben. Bei der Deaktivierung von Cookies kann die Funktionalit\u00e4t der Website jedoch eingeschr\u00e4nkt sein.<\/p><p>Webanalysedienst Google (Google Analytics)<\/p><p>Diese Website nutzt Funktionen des Webanalysedienstes Google Analytics. Anbieter ist Google Inc., 1600 Amphitheatre Parkway Mountain View, CA 94043, USA. Wir nutzen die Funktion &#8222;Aktivierung der IP-Anonymisierung&#8220; auf dieser Website. Dadurch wird Ihre IP-Adresse von Google innerhalb von Mitgliedstaaten der Europ\u00e4ischen Union oder in anderen Vertragsstaaten des Abkommens \u00fcber den Europ\u00e4ischen Wirtschaftsraum vor der Verarbeitung\/Speicherung gek\u00fcrzt. Im Auftrag des Betreibers dieser Website wird Google diese Informationen benutzen, um Ihre Nutzung der Website\u00a0 auszuwerten, um Reports \u00fcber die Websiteaktivit\u00e4ten zusammenzustellen, um die Kampagnenleistung von Onlinewerbung f\u00fcr Analyse- und Optimierungszwecke zu messen.<\/p><p>Zu den verarbeiteten Daten z\u00e4hlen insbesondere Online-Kennzeichnungen (einschlie\u00dflich Cookie-Kennungen), Internet-Protokoll-Adressen, Ger\u00e4tekennungen, Standortdaten, vom Kunden vergebene Kennzeichnungen sowie Nutzerdaten (insbesondere Zeitpunkt und Dauer des Zugriffs, Auswahl bestimmter Angebote, etc.). Mehr Informationen zum Umgang mit Nutzerdaten bei Google Analytics finden Sie in der Datenschutzerkl\u00e4rung von Google, abrufbar unter <a href=\"https:\/\/policies.google.com\/privacy?hl=de\" target=\"_blank\" rel=\"noopener\">https:\/\/policies.google.com\/privacy?hl=de<\/a>.<\/p><p>Sie k\u00f6nnen die Erfassung der durch das Cookie erzeugten und auf Ihre Nutzung der Website bezogenen Daten an Google sowie die Verarbeitung dieser Daten durch Google verhindern, indem Sie das unter dem folgenden Link verf\u00fcgbare Browser-Plugin herunterladen und installieren: <a href=\"https:\/\/tools.google.com\/dlpage\/gaoptout?hl=de\" target=\"_blank\" rel=\"noopener\">https:\/\/tools.google.com\/dlpage\/gaoptout?hl=de<\/a><\/p><p><span id=\"disableGoogleAnalytics\"><a id=\"disableGoogleAnalytics_disableActive\" class=\"\" href=\"https:\/\/www.charnelle-dessous.at\/de\/#\">Klicken Sie hier, um Google Analytics f\u00fcr diese Website auf Ihrem derzeit benutzten Browser zu deaktivieren.<\/a><\/span><\/p><p>Die Beziehung zum Webanalyseanbieter basiert beim Einsatz von Google Analytics auf einer Auftragsdatenverarbeitung. Die \u00dcbermittlung von Daten an den Auftragsverarbeiter basiert auf einem Angemessenheitsbeschluss der Europ\u00e4ischen Kommission (Selbstzertifizierung Privacy Shield). Die Daten werden regelm\u00e4\u00dfig (derzeit alle 26 Monate) gel\u00f6scht.<\/p><p>Verwendung von Google Adwords Conversion-Tracking<\/p><p>Diese Website nutzt das Online-Werbeprogramm \u201eGoogle AdWords\u201c und im Rahmen von Google AdWords das Conversion-Tracking. Das Google Conversion Tracking ist ein Analysedienst der Google Inc. (1600 Amphitheatre Parkway, Mountain View, CA 94043, USA; \u201eGoogle\u201c). Wenn Sie auf eine von Google geschaltete Anzeige klicken, wird ein Cookie f\u00fcr das Conversion-Tracking auf Ihrem Rechner abgelegt. Diese Cookies verlieren nach maximal 90 Tagen ihre G\u00fcltigkeit. Wenn Sie bestimmte Internetseiten unserer Website besuchen und das Cookie noch nicht abgelaufen ist, kann Google und der Websitebetreiber erkennen, dass Sie auf die Anzeige geklickt haben und zu dieser Seite weitergeleitet wurden. Die Informationen, die mithilfe des Conversion-Cookies eingeholt werden, dienen dazu, Conversion-Statistiken zu erstellen. Hierbei erf\u00e4hrt der Websitebetreiber die Gesamtanzahl der Nutzer, die auf eine Anzeige geklickt haben und zu einer mit einem Conversion-Tracking-Tag versehenen Seite weitergeleitet wurden und\/oder verschiedene Handlungen auf der Seite ausgef\u00fchrt haben. Der Website-Betreiber erh\u00e4lt jedoch keine Informationen, mit denen sich Nutzer pers\u00f6nlich identifizieren lassen. Wenn Sie nicht am Tracking teilnehmen m\u00f6chten, k\u00f6nnen Sie dieser Nutzung widersprechen, indem Sie die Installation der Cookies durch eine entsprechende Einstellung Ihrer Browser Software verhindern (Deaktivierungsm\u00f6glichkeit). Sie werden sodann nicht in die Conversion-Tracking Statistiken aufgenommen. Weiterf\u00fchrende Informationen sowie die Datenschutzerkl\u00e4rung von Google finden Sie unter: <a href=\"http:\/\/www.google.com\/policies\/technologies\/ads\/\" target=\"_blank\" rel=\"noopener\">http:\/\/www.google.com\/policies\/technologies\/ads\/<\/a>, <a href=\"http:\/\/www.google.de\/policies\/privacy\/\" target=\"_blank\" rel=\"noopener\">http:\/\/www.google.de\/policies\/privacy\/<\/a><\/p><p>Die Beziehung zum Webanalyseanbieter basiert beim Einsatz des Google Adwords Conversion-Tracking auf einer Auftragsdatenverarbeitung. Die \u00dcbermittlung von Daten an den Auftragsverarbeiter basiert auf einem Angemessenheitsbeschluss er Europ\u00e4ischen Kommission (Selbstzertifizierung Privacy Shield). Google ist zudem verpflichtet, die Daten regelm\u00e4\u00dfig (derzeit alle 39 Monate) zu l\u00f6schen.<\/p><p>Social Media<\/p><p>Falls auf dieser Website Facebook Social Plugins zum Einsatz kommen, so werden diese von der Facebook Inc. (1 Hacker Way, Menlo Park, California 94025, USA) betrieben. Erkennbar sind die Einbindungen an dem Facebook-Logo bzw. an den Begriffen \u201eLike\u201c, \u201eGef\u00e4llt mir\u201c, \u201eTeilen\u201c in den Farben Facebooks (Blau und Wei\u00df). Informationen zu allen Facebook-Plugins finden Sie im folgenden Link: <a href=\"https:\/\/developers.facebook.com\/docs\/plugins\/\" target=\"_blank\" rel=\"noopener\">https:\/\/developers.facebook.com\/docs\/plugins\/<\/a><\/p><p>Die Plugins werden erst aktiviert, wenn Sie auf die entsprechenden Schaltfl\u00e4chen klicken. Sofern diese ausgegraut angezeigt werden, sind die Plugins inaktiv. Sie haben die M\u00f6glichkeit, die Plugins bei jedem Besuch zu aktivieren.<\/p><p>Die Plugins stellen eine direkte Verbindung zwischen Ihrem Browser und den Facebook-Servern her. Dies erfolgt erst nach der Aktivierung des Plugins. Der Websitebetreiber hat keinerlei Einfluss auf die Natur und den Umfang der Daten, welche das Plugin an die Server der Facebook Inc. \u00fcbermittelt. Informationen dazu finden Sie hier: <a href=\"https:\/\/www.facebook.com\/help\/186325668085084\" target=\"_blank\" rel=\"noopener\">https:\/\/www.facebook.com\/help\/186325668085084<\/a><\/p><p>Das Plugin informiert die Facebook Inc. dar\u00fcber, dass Sie als Nutzer diese Website besucht haben. Es besteht hierbei die M\u00f6glichkeit, dass Ihre IP-Adresse gespeichert wird. Sind Sie w\u00e4hrend des Besuchs auf dieser Website in Ihrem Facebook-Konto eingeloggt, werden die genannten Informationen mit diesem verkn\u00fcpft.<\/p><p>Rechtsgrundlage f\u00fcr die Datenverarbeitung:<\/p><p>Auf der Website werden Daten ausschlie\u00dflich auf Grundlage der gesetzlichen Bestimmungen (DSGVO, TKG 2003) verarbeitet.<\/p><p>Die Datenverarbeitung (Webshop, Produktbewertungen, Buchungstool und Nutzeraccount) erfolgt auf Grundlage des Art 6 Abs. 1 lit. b) (Vertragserf\u00fcllungszwecke) DSGVO.<\/p><p>Im Falle des Einsatzes von Analysetools erfolgt die Datenverwendung auf Grundlage des Art 6 Abs. 1 lit f) (berechtigtes Interesse) DSGVO. Das berechtigte Interesse an der Datenverwendung ist die Verbesserung des Webauftritts sowie die Erfolgsmessung von Online-Werbung.<\/p><p>Der Einsatz von IT-Datensicherheitsma\u00dfnahmen erfolgt ebenfalls auf Grundlage des Art 6 Abs. 1 lit f) (berechtigtes Interesse) DSGVO. Das berechtigte Interesse an der Datenverwendung ist die Absicherung der eigenen IT-Systeme.<\/p><p>Der Einsatz von Social-Media-Plugins erfolgt nur nach Einwilligung. Rechtsgrundlage ist daher Art. 6 Abs. 1 lit a) DSGVO. Die Einwilligung ist bei jedem Website-Aufruf erneut zu erteilen.<\/p><p>Ihre Rechte<\/p><p>Ihnen stehen grunds\u00e4tzlich die Rechte auf Auskunft, Berichtigung, L\u00f6schung, Einschr\u00e4nkung der Verarbeitung, Daten\u00fcbertragbarkeit, Widerruf und Widerspruch zu. Wenn Sie glauben, dass die Verarbeitung Ihrer Daten gegen das Datenschutzrecht verst\u00f6\u00dft oder Ihre datenschutzrechtlichen Anspr\u00fcche sonst in einer Weise verletzt worden sind, k\u00f6nnen Sie sich bei der Aufsichtsbeh\u00f6rde beschweren. In \u00d6sterreich ist dies die Datenschutzbeh\u00f6rde.<\/p>\t\t\t\t\t\t<\/div>\n\t\t\t\t<\/div>\n\t\t\t\t\t<\/div>\n\t\t<\/div>\n\t\t\t\t\t<\/div>\n\t\t<\/section>\n\t\t\t\t<\/div>\n\t\t","protected":false},"excerpt":{"rendered":"<p>Datenschutzerkl\u00e4rung Datenschutzerkl\u00e4rung Datenschutzerkl\u00e4rung bzw. Informationen gem\u00e4\u00df Art 13 und 14 DSGVO Datenschutzrechtlich verantwortlich Nikolic Vladan, akademischer Handelsmanager (FH) Kontaktdaten Charnelle Dessous &amp; Bademode W\u00e4hringer Str.&hellip;<\/p>\n","protected":false},"author":1,"featured_media":0,"parent":0,"menu_order":0,"comment_status":"closed","ping_status":"closed","template":"","meta":{"footnotes":""},"class_list":["post-6487","page","type-page","status-publish","hentry"],"yoast_head":"<!-- This site is optimized with the Yoast SEO plugin v22.2 - https:\/\/yoast.com\/wordpress\/plugins\/seo\/ -->\n<title>Datenschutzerkl\u00e4rung - Charnelle Dessous &amp; Bademode<\/title>\n<meta name=\"robots\" content=\"index, follow, max-snippet:-1, max-image-preview:large, max-video-preview:-1\" \/>\n<link rel=\"canonical\" href=\"https:\/\/www.charnelle-dessous.at\/index.php\/datenschutzerklaerung\/\" \/>\n<meta property=\"og:locale\" content=\"de_DE\" \/>\n<meta property=\"og:type\" content=\"article\" \/>\n<meta property=\"og:title\" content=\"Datenschutzerkl\u00e4rung - Charnelle Dessous &amp; Bademode\" \/>\n<meta property=\"og:description\" content=\"Datenschutzerkl\u00e4rung Datenschutzerkl\u00e4rung Datenschutzerkl\u00e4rung bzw. Informationen gem\u00e4\u00df Art 13 und 14 DSGVO Datenschutzrechtlich verantwortlich Nikolic Vladan, akademischer Handelsmanager (FH) Kontaktdaten Charnelle Dessous &amp; Bademode W\u00e4hringer Str.&hellip;\" \/>\n<meta property=\"og:url\" content=\"https:\/\/www.charnelle-dessous.at\/index.php\/datenschutzerklaerung\/\" \/>\n<meta property=\"og:site_name\" content=\"Charnelle Dessous &amp; Bademode\" \/>\n<meta property=\"article:modified_time\" content=\"2024-02-05T17:39:17+00:00\" \/>\n<meta name=\"twitter:card\" content=\"summary_large_image\" \/>\n<meta name=\"twitter:label1\" content=\"Gesch\u00e4tzte Lesezeit\" \/>\n\t<meta name=\"twitter:data1\" content=\"7\u00a0Minuten\" \/>\n<script type=\"application\/ld+json\" class=\"yoast-schema-graph\">{\"@context\":\"https:\/\/schema.org\",\"@graph\":[{\"@type\":\"WebPage\",\"@id\":\"https:\/\/www.charnelle-dessous.at\/index.php\/datenschutzerklaerung\/\",\"url\":\"https:\/\/www.charnelle-dessous.at\/index.php\/datenschutzerklaerung\/\",\"name\":\"Datenschutzerkl\u00e4rung - Charnelle Dessous &amp; Bademode\",\"isPartOf\":{\"@id\":\"https:\/\/www.charnelle-dessous.at\/#website\"},\"datePublished\":\"2021-03-22T15:51:52+00:00\",\"dateModified\":\"2024-02-05T17:39:17+00:00\",\"breadcrumb\":{\"@id\":\"https:\/\/www.charnelle-dessous.at\/index.php\/datenschutzerklaerung\/#breadcrumb\"},\"inLanguage\":\"de\",\"potentialAction\":[{\"@type\":\"ReadAction\",\"target\":[\"https:\/\/www.charnelle-dessous.at\/index.php\/datenschutzerklaerung\/\"]}]},{\"@type\":\"BreadcrumbList\",\"@id\":\"https:\/\/www.charnelle-dessous.at\/index.php\/datenschutzerklaerung\/#breadcrumb\",\"itemListElement\":[{\"@type\":\"ListItem\",\"position\":1,\"name\":\"Startseite\",\"item\":\"https:\/\/www.charnelle-dessous.at\/\"},{\"@type\":\"ListItem\",\"position\":2,\"name\":\"Datenschutzerkl\u00e4rung\"}]},{\"@type\":\"WebSite\",\"@id\":\"https:\/\/www.charnelle-dessous.at\/#website\",\"url\":\"https:\/\/www.charnelle-dessous.at\/\",\"name\":\"Charnelle Dessous &amp; Bademode\",\"description\":\"Still und Sport-BHs\",\"potentialAction\":[{\"@type\":\"SearchAction\",\"target\":{\"@type\":\"EntryPoint\",\"urlTemplate\":\"https:\/\/www.charnelle-dessous.at\/?s={search_term_string}\"},\"query-input\":\"required name=search_term_string\"}],\"inLanguage\":\"de\"}]}<\/script>\n<!-- \/ Yoast SEO plugin. -->","yoast_head_json":{"title":"Datenschutzerkl\u00e4rung - Charnelle Dessous &amp; Bademode","robots":{"index":"index","follow":"follow","max-snippet":"max-snippet:-1","max-image-preview":"max-image-preview:large","max-video-preview":"max-video-preview:-1"},"canonical":"https:\/\/www.charnelle-dessous.at\/index.php\/datenschutzerklaerung\/","og_locale":"de_DE","og_type":"article","og_title":"Datenschutzerkl\u00e4rung - Charnelle Dessous &amp; Bademode","og_description":"Datenschutzerkl\u00e4rung Datenschutzerkl\u00e4rung Datenschutzerkl\u00e4rung bzw. Informationen gem\u00e4\u00df Art 13 und 14 DSGVO Datenschutzrechtlich verantwortlich Nikolic Vladan, akademischer Handelsmanager (FH) Kontaktdaten Charnelle Dessous &amp; Bademode W\u00e4hringer Str.&hellip;","og_url":"https:\/\/www.charnelle-dessous.at\/index.php\/datenschutzerklaerung\/","og_site_name":"Charnelle Dessous &amp; Bademode","article_modified_time":"2024-02-05T17:39:17+00:00","twitter_card":"summary_large_image","twitter_misc":{"Gesch\u00e4tzte Lesezeit":"7\u00a0Minuten"},"schema":{"@context":"https:\/\/schema.org","@graph":[{"@type":"WebPage","@id":"https:\/\/www.charnelle-dessous.at\/index.php\/datenschutzerklaerung\/","url":"https:\/\/www.charnelle-dessous.at\/index.php\/datenschutzerklaerung\/","name":"Datenschutzerkl\u00e4rung - Charnelle Dessous &amp; Bademode","isPartOf":{"@id":"https:\/\/www.charnelle-dessous.at\/#website"},"datePublished":"2021-03-22T15:51:52+00:00","dateModified":"2024-02-05T17:39:17+00:00","breadcrumb":{"@id":"https:\/\/www.charnelle-dessous.at\/index.php\/datenschutzerklaerung\/#breadcrumb"},"inLanguage":"de","potentialAction":[{"@type":"ReadAction","target":["https:\/\/www.charnelle-dessous.at\/index.php\/datenschutzerklaerung\/"]}]},{"@type":"BreadcrumbList","@id":"https:\/\/www.charnelle-dessous.at\/index.php\/datenschutzerklaerung\/#breadcrumb","itemListElement":[{"@type":"ListItem","position":1,"name":"Startseite","item":"https:\/\/www.charnelle-dessous.at\/"},{"@type":"ListItem","position":2,"name":"Datenschutzerkl\u00e4rung"}]},{"@type":"WebSite","@id":"https:\/\/www.charnelle-dessous.at\/#website","url":"https:\/\/www.charnelle-dessous.at\/","name":"Charnelle Dessous &amp; Bademode","description":"Still und Sport-BHs","potentialAction":[{"@type":"SearchAction","target":{"@type":"EntryPoint","urlTemplate":"https:\/\/www.charnelle-dessous.at\/?s={search_term_string}"},"query-input":"required name=search_term_string"}],"inLanguage":"de"}]}},"_links":{"self":[{"href":"https:\/\/www.charnelle-dessous.at\/index.php\/wp-json\/wp\/v2\/pages\/6487","targetHints":{"allow":["GET"]}}],"collection":[{"href":"https:\/\/www.charnelle-dessous.at\/index.php\/wp-json\/wp\/v2\/pages"}],"about":[{"href":"https:\/\/www.charnelle-dessous.at\/index.php\/wp-json\/wp\/v2\/types\/page"}],"author":[{"embeddable":true,"href":"https:\/\/www.charnelle-dessous.at\/index.php\/wp-json\/wp\/v2\/users\/1"}],"replies":[{"embeddable":true,"href":"https:\/\/www.charnelle-dessous.at\/index.php\/wp-json\/wp\/v2\/comments?post=6487"}],"version-history":[{"count":22,"href":"https:\/\/www.charnelle-dessous.at\/index.php\/wp-json\/wp\/v2\/pages\/6487\/revisions"}],"predecessor-version":[{"id":7855,"href":"https:\/\/www.charnelle-dessous.at\/index.php\/wp-json\/wp\/v2\/pages\/6487\/revisions\/7855"}],"wp:attachment":[{"href":"https:\/\/www.charnelle-dessous.at\/index.php\/wp-json\/wp\/v2\/media?parent=6487"}],"curies":[{"name":"wp","href":"https:\/\/api.w.org\/{rel}","templated":true}]}}